{"id":2,"date":"2019-03-15T09:45:28","date_gmt":"2019-03-15T08:45:28","guid":{"rendered":"https:\/\/www.awo-pflegeteam-hamburg.de\/jobs\/?page_id=2"},"modified":"2025-05-22T17:29:44","modified_gmt":"2025-05-22T15:29:44","slug":"kontakt","status":"publish","type":"page","link":"https:\/\/www.awo-pflegeteam-hamburg.de\/jobs\/kontakt\/","title":{"rendered":"Kontakt"},"content":{"rendered":"\r\n<p>Dies ist eine Beispiel-Seite. Sie unterscheidet sich von Beitr\u00e4gen, da sie stets an derselben Stelle bleibt und (bei den meisten Themes) in der Website-Navigation angezeigt wird. Die meisten starten mit einem Impressum, der Datenschutzerkl\u00e4rung oder einer \u201e\u00dcber uns\u201c-Seite, um sich m\u00f6glichen Besucher der Website vorzustellen. Dort k\u00f6nnte zum Beispiel stehen:<\/p>\r\n\r\n\r\n\r\n<blockquote class=\"wp-block-quote is-layout-flow wp-block-quote-is-layout-flow\">\r\n<p>Hallo! Ich bin tags\u00fcber im Kurierdienst t\u00e4tig, nachts widme ich mich der Schauspielkunst, und das ist meine Website. Ich lebe in einer Gro\u00dfstadt, habe einen tollen Hund und ich mag Getr\u00e4nke mit Schirmchen (aber nicht ohne Schirm im Regen zu stehen).<\/p>\r\n<\/blockquote>\r\n\r\n\r\n\r\n<p>&#8230;oder so etwas wie das hier:<\/p>\r\n\r\n\r\n\r\n<blockquote class=\"wp-block-quote is-layout-flow wp-block-quote-is-layout-flow\">\r\n<p>Das Unternehmen XYZ wurde 1971 gegr\u00fcndet und versorgt die \u00d6ffentlichkeit seither mit qualitativ hochwertigen Produkten. An seinem Standort in einer kleinen Gro\u00dfstadt besch\u00e4ftigt der Betrieb \u00fcber 2.000 Menschen und unterst\u00fctzt die Stadtbewohner in vielfacher Hinsicht.<\/p>\r\n<\/blockquote>\r\n\r\n\r\n\r\n<p>Als neuer WordPress-Benutzer solltest du dein <a href=\"https:\/\/www.awo-pflegeteam-hamburg.de\/jobs\/wp-admin\/\">Dashboard<\/a> aufrufen, um diese Seite zu l\u00f6schen und neue Seiten f\u00fcr deinen Inhalt zu erstellen. Viel Spa\u00df!<\/p>\r\n","protected":false},"excerpt":{"rendered":"<p>Dies ist eine Beispiel-Seite. Sie unterscheidet sich von Beitr\u00e4gen, da sie stets an derselben Stelle bleibt und (bei den meisten Themes) in der Website-Navigation angezeigt wird. Die meisten starten mit einem Impressum, der Datenschutzerkl\u00e4rung oder einer \u201e\u00dcber uns\u201c-Seite, um sich m\u00f6glichen Besucher der Website vorzustellen. Dort k\u00f6nnte zum Beispiel stehen: Hallo! Ich bin tags\u00fcber im [&hellip;]<\/p>\n","protected":false},"author":1,"featured_media":0,"parent":0,"menu_order":0,"comment_status":"closed","ping_status":"closed","template":"tpl-fullwidth_m.php","meta":{"footnotes":""},"class_list":["post-2","page","type-page","status-publish","hentry"],"yoast_head":"<!-- This site is optimized with the Yoast SEO plugin v24.6 - https:\/\/yoast.com\/wordpress\/plugins\/seo\/ -->\n<title>Kontakt \u2013 AWO Pflegeteam Hamburg<\/title>\n<meta name=\"description\" content=\"Sie interessieren sich f\u00fcr einen Job in der Pflege und haben Fragen zu unseren ausgeschriebenen Stellen? Kontaktieren Sie uns gerne.\" \/>\n<meta name=\"robots\" content=\"index, follow, max-snippet:-1, max-image-preview:large, max-video-preview:-1\" \/>\n<link rel=\"canonical\" href=\"https:\/\/www.awo-pflegeteam-hamburg.de\/jobs\/kontakt\/\" \/>\n<meta name=\"twitter:label1\" content=\"Gesch\u00e4tzte Lesezeit\" \/>\n\t<meta name=\"twitter:data1\" content=\"1\u00a0Minute\" \/>\n<script type=\"application\/ld+json\" class=\"yoast-schema-graph\">{\"@context\":\"https:\/\/schema.org\",\"@graph\":[{\"@type\":\"WebPage\",\"@id\":\"https:\/\/www.awo-pflegeteam-hamburg.de\/jobs\/kontakt\/\",\"url\":\"https:\/\/www.awo-pflegeteam-hamburg.de\/jobs\/kontakt\/\",\"name\":\"Kontakt \u2013 AWO Pflegeteam Hamburg\",\"isPartOf\":{\"@id\":\"https:\/\/www.awo-pflegeteam-hamburg.de\/jobs\/#website\"},\"datePublished\":\"2019-03-15T08:45:28+00:00\",\"dateModified\":\"2025-05-22T15:29:44+00:00\",\"description\":\"Sie interessieren sich f\u00fcr einen Job in der Pflege und haben Fragen zu unseren ausgeschriebenen Stellen? Kontaktieren Sie uns gerne.\",\"breadcrumb\":{\"@id\":\"https:\/\/www.awo-pflegeteam-hamburg.de\/jobs\/kontakt\/#breadcrumb\"},\"inLanguage\":\"de\",\"potentialAction\":[{\"@type\":\"ReadAction\",\"target\":[\"https:\/\/www.awo-pflegeteam-hamburg.de\/jobs\/kontakt\/\"]}]},{\"@type\":\"BreadcrumbList\",\"@id\":\"https:\/\/www.awo-pflegeteam-hamburg.de\/jobs\/kontakt\/#breadcrumb\",\"itemListElement\":[{\"@type\":\"ListItem\",\"position\":1,\"name\":\"Startseite\",\"item\":\"https:\/\/www.awo-pflegeteam-hamburg.de\/jobs\/\"},{\"@type\":\"ListItem\",\"position\":2,\"name\":\"Kontakt\"}]},{\"@type\":\"WebSite\",\"@id\":\"https:\/\/www.awo-pflegeteam-hamburg.de\/jobs\/#website\",\"url\":\"https:\/\/www.awo-pflegeteam-hamburg.de\/jobs\/\",\"name\":\"AWO Hamburg Karriere\",\"description\":\"Die AWO Hamburg: Ein starker Arbeitgeber!\",\"potentialAction\":[{\"@type\":\"SearchAction\",\"target\":{\"@type\":\"EntryPoint\",\"urlTemplate\":\"https:\/\/www.awo-pflegeteam-hamburg.de\/jobs\/?s={search_term_string}\"},\"query-input\":{\"@type\":\"PropertyValueSpecification\",\"valueRequired\":true,\"valueName\":\"search_term_string\"}}],\"inLanguage\":\"de\"}]}<\/script>\n<!-- \/ Yoast SEO plugin. -->","yoast_head_json":{"title":"Kontakt \u2013 AWO Pflegeteam Hamburg","description":"Sie interessieren sich f\u00fcr einen Job in der Pflege und haben Fragen zu unseren ausgeschriebenen Stellen? Kontaktieren Sie uns gerne.","robots":{"index":"index","follow":"follow","max-snippet":"max-snippet:-1","max-image-preview":"max-image-preview:large","max-video-preview":"max-video-preview:-1"},"canonical":"https:\/\/www.awo-pflegeteam-hamburg.de\/jobs\/kontakt\/","twitter_misc":{"Gesch\u00e4tzte Lesezeit":"1\u00a0Minute"},"schema":{"@context":"https:\/\/schema.org","@graph":[{"@type":"WebPage","@id":"https:\/\/www.awo-pflegeteam-hamburg.de\/jobs\/kontakt\/","url":"https:\/\/www.awo-pflegeteam-hamburg.de\/jobs\/kontakt\/","name":"Kontakt \u2013 AWO Pflegeteam Hamburg","isPartOf":{"@id":"https:\/\/www.awo-pflegeteam-hamburg.de\/jobs\/#website"},"datePublished":"2019-03-15T08:45:28+00:00","dateModified":"2025-05-22T15:29:44+00:00","description":"Sie interessieren sich f\u00fcr einen Job in der Pflege und haben Fragen zu unseren ausgeschriebenen Stellen? Kontaktieren Sie uns gerne.","breadcrumb":{"@id":"https:\/\/www.awo-pflegeteam-hamburg.de\/jobs\/kontakt\/#breadcrumb"},"inLanguage":"de","potentialAction":[{"@type":"ReadAction","target":["https:\/\/www.awo-pflegeteam-hamburg.de\/jobs\/kontakt\/"]}]},{"@type":"BreadcrumbList","@id":"https:\/\/www.awo-pflegeteam-hamburg.de\/jobs\/kontakt\/#breadcrumb","itemListElement":[{"@type":"ListItem","position":1,"name":"Startseite","item":"https:\/\/www.awo-pflegeteam-hamburg.de\/jobs\/"},{"@type":"ListItem","position":2,"name":"Kontakt"}]},{"@type":"WebSite","@id":"https:\/\/www.awo-pflegeteam-hamburg.de\/jobs\/#website","url":"https:\/\/www.awo-pflegeteam-hamburg.de\/jobs\/","name":"AWO Hamburg Karriere","description":"Die AWO Hamburg: Ein starker Arbeitgeber!","potentialAction":[{"@type":"SearchAction","target":{"@type":"EntryPoint","urlTemplate":"https:\/\/www.awo-pflegeteam-hamburg.de\/jobs\/?s={search_term_string}"},"query-input":{"@type":"PropertyValueSpecification","valueRequired":true,"valueName":"search_term_string"}}],"inLanguage":"de"}]}},"_links":{"self":[{"href":"https:\/\/www.awo-pflegeteam-hamburg.de\/jobs\/wp-json\/wp\/v2\/pages\/2","targetHints":{"allow":["GET"]}}],"collection":[{"href":"https:\/\/www.awo-pflegeteam-hamburg.de\/jobs\/wp-json\/wp\/v2\/pages"}],"about":[{"href":"https:\/\/www.awo-pflegeteam-hamburg.de\/jobs\/wp-json\/wp\/v2\/types\/page"}],"author":[{"embeddable":true,"href":"https:\/\/www.awo-pflegeteam-hamburg.de\/jobs\/wp-json\/wp\/v2\/users\/1"}],"replies":[{"embeddable":true,"href":"https:\/\/www.awo-pflegeteam-hamburg.de\/jobs\/wp-json\/wp\/v2\/comments?post=2"}],"version-history":[{"count":9,"href":"https:\/\/www.awo-pflegeteam-hamburg.de\/jobs\/wp-json\/wp\/v2\/pages\/2\/revisions"}],"predecessor-version":[{"id":2298,"href":"https:\/\/www.awo-pflegeteam-hamburg.de\/jobs\/wp-json\/wp\/v2\/pages\/2\/revisions\/2298"}],"wp:attachment":[{"href":"https:\/\/www.awo-pflegeteam-hamburg.de\/jobs\/wp-json\/wp\/v2\/media?parent=2"}],"curies":[{"name":"wp","href":"https:\/\/api.w.org\/{rel}","templated":true}]}}